{"id":13,"date":"2024-03-05T20:13:00","date_gmt":"2024-03-05T20:13:00","guid":{"rendered":"https:\/\/hotelacciaroli.it\/?page_id=13"},"modified":"2024-03-05T20:13:47","modified_gmt":"2024-03-05T20:13:47","slug":"termini-di-cancellazione","status":"publish","type":"page","link":"https:\/\/hotelacciaroli.it\/de\/termini-di-cancellazione\/","title":{"rendered":"Stornierungsbedingungen"},"content":{"rendered":"<p>Effettueremo una pre-autorizzazione (attenzione \u00e8 un blocco temporaneo a garanzia che non genera nessun tipo di addebito, chiedere pure alla sua banca) del 50% fino al 100% dell\u2019importo del soggiorno, che verr\u00e0 pagato interamente in loco, fatto salvo il caso in cui fosse necessario applicare penali per la cancellazione tardiva o mancato arrivo (no-show).<\/p>\n\n\n\n<p>La prenotazione potr\u00e0 essere cancellata, direttamente nella mail di conferma o via mail a <a href=\"mailto:info@hotelacciaroli.it\" target=\"_blank\" rel=\"noreferrer noopener\">info@hotelacciaroli.it<\/a>ohne Stornogeb\u00fchr bis zu folgendem Zeitpunkt storniert werden:<br>8 Tage vor dem geplanten Anreisedatum. 14 Tage im Falle der Buchung von drei oder mehr Zimmern.<\/p>\n\n\n\n<p>Per cancellazioni oltre tale termine sar\u00e0 addebitato, quale penale, il 100% dell&#8217;importo previsto per il soggiorno che non \u00e8 pi\u00f9 rimborsabile e ne si pu\u00f2 modificare.<\/p>\n\n\n\n<p>La stessa penale(100%) sar\u00e0 applicata anche in caso di no show (mancato arrivo) ed anche nel caso di partenze anticipate durante il soggiorno in Hotel.<\/p>","protected":false},"excerpt":{"rendered":"<p>Effettueremo una pre-autorizzazione (attenzione \u00e8 un blocco temporaneo a garanzia che non genera nessun tipo di addebito, chiedere pure alla sua banca) del 50% fino al 100% dell\u2019importo del soggiorno, che verr\u00e0 pagato interamente in loco, fatto salvo il caso in cui fosse necessario applicare penali per la cancellazione tardiva o mancato arrivo (no-show). La [&hellip;]<\/p>\n","protected":false},"author":1,"featured_media":0,"parent":0,"menu_order":0,"comment_status":"closed","ping_status":"closed","template":"","meta":{"footnotes":""},"class_list":["post-13","page","type-page","status-publish","hentry"],"yoast_head":"<!-- This site is optimized with the Yoast SEO plugin v27.0 - https:\/\/yoast.com\/product\/yoast-seo-wordpress\/ -->\n<title>Termini di Cancellazione - Hotel Acciaroli<\/title>\n<meta name=\"robots\" content=\"index, follow, max-snippet:-1, max-image-preview:large, max-video-preview:-1\" \/>\n<link rel=\"canonical\" href=\"https:\/\/hotelacciaroli.it\/de\/termini-di-cancellazione\/\" \/>\n<meta property=\"og:locale\" content=\"de_DE\" \/>\n<meta property=\"og:type\" content=\"article\" \/>\n<meta property=\"og:title\" content=\"Termini di Cancellazione - Hotel Acciaroli\" \/>\n<meta property=\"og:description\" content=\"Effettueremo una pre-autorizzazione (attenzione \u00e8 un blocco temporaneo a garanzia che non genera nessun tipo di addebito, chiedere pure alla sua banca) del 50% fino al 100% dell\u2019importo del soggiorno, che verr\u00e0 pagato interamente in loco, fatto salvo il caso in cui fosse necessario applicare penali per la cancellazione tardiva o mancato arrivo (no-show). La [&hellip;]\" \/>\n<meta property=\"og:url\" content=\"https:\/\/hotelacciaroli.it\/de\/termini-di-cancellazione\/\" \/>\n<meta property=\"og:site_name\" content=\"Hotel Acciaroli\" \/>\n<meta property=\"article:modified_time\" content=\"2024-03-05T20:13:47+00:00\" \/>\n<meta name=\"twitter:card\" content=\"summary_large_image\" \/>\n<meta name=\"twitter:label1\" content=\"Gesch\u00e4tzte Lesezeit\" \/>\n\t<meta name=\"twitter:data1\" content=\"1\u00a0Minute\" \/>\n<script type=\"application\/ld+json\" class=\"yoast-schema-graph\">{\"@context\":\"https:\/\/schema.org\",\"@graph\":[{\"@type\":\"WebPage\",\"@id\":\"https:\/\/hotelacciaroli.it\/termini-di-cancellazione\/\",\"url\":\"https:\/\/hotelacciaroli.it\/termini-di-cancellazione\/\",\"name\":\"Termini di Cancellazione - Hotel Acciaroli\",\"isPartOf\":{\"@id\":\"https:\/\/hotelacciaroli.it\/#website\"},\"datePublished\":\"2024-03-05T20:13:00+00:00\",\"dateModified\":\"2024-03-05T20:13:47+00:00\",\"breadcrumb\":{\"@id\":\"https:\/\/hotelacciaroli.it\/termini-di-cancellazione\/#breadcrumb\"},\"inLanguage\":\"de\",\"potentialAction\":[{\"@type\":\"ReadAction\",\"target\":[\"https:\/\/hotelacciaroli.it\/termini-di-cancellazione\/\"]}]},{\"@type\":\"BreadcrumbList\",\"@id\":\"https:\/\/hotelacciaroli.it\/termini-di-cancellazione\/#breadcrumb\",\"itemListElement\":[{\"@type\":\"ListItem\",\"position\":1,\"name\":\"Home\",\"item\":\"https:\/\/hotelacciaroli.it\/\"},{\"@type\":\"ListItem\",\"position\":2,\"name\":\"Termini di Cancellazione\"}]},{\"@type\":\"WebSite\",\"@id\":\"https:\/\/hotelacciaroli.it\/#website\",\"url\":\"https:\/\/hotelacciaroli.it\/\",\"name\":\"Hotel Acciaroli\",\"description\":\"Hotel Acciaroli\",\"publisher\":{\"@id\":\"https:\/\/hotelacciaroli.it\/#organization\"},\"potentialAction\":[{\"@type\":\"SearchAction\",\"target\":{\"@type\":\"EntryPoint\",\"urlTemplate\":\"https:\/\/hotelacciaroli.it\/?s={search_term_string}\"},\"query-input\":{\"@type\":\"PropertyValueSpecification\",\"valueRequired\":true,\"valueName\":\"search_term_string\"}}],\"inLanguage\":\"de\"},{\"@type\":\"Organization\",\"@id\":\"https:\/\/hotelacciaroli.it\/#organization\",\"name\":\"Hotel Acciaroli\",\"url\":\"https:\/\/hotelacciaroli.it\/\",\"logo\":{\"@type\":\"ImageObject\",\"inLanguage\":\"de\",\"@id\":\"https:\/\/hotelacciaroli.it\/#\/schema\/logo\/image\/\",\"url\":\"https:\/\/hotelacciaroli.it\/wp-content\/uploads\/2023\/05\/cropped-Logo-Hotel-Acciaroli.png\",\"contentUrl\":\"https:\/\/hotelacciaroli.it\/wp-content\/uploads\/2023\/05\/cropped-Logo-Hotel-Acciaroli.png\",\"width\":450,\"height\":160,\"caption\":\"Hotel Acciaroli\"},\"image\":{\"@id\":\"https:\/\/hotelacciaroli.it\/#\/schema\/logo\/image\/\"}}]}<\/script>\n<!-- \/ Yoast SEO plugin. -->","yoast_head_json":{"title":"Termini di Cancellazione - Hotel Acciaroli","robots":{"index":"index","follow":"follow","max-snippet":"max-snippet:-1","max-image-preview":"max-image-preview:large","max-video-preview":"max-video-preview:-1"},"canonical":"https:\/\/hotelacciaroli.it\/de\/termini-di-cancellazione\/","og_locale":"de_DE","og_type":"article","og_title":"Termini di Cancellazione - Hotel Acciaroli","og_description":"Effettueremo una pre-autorizzazione (attenzione \u00e8 un blocco temporaneo a garanzia che non genera nessun tipo di addebito, chiedere pure alla sua banca) del 50% fino al 100% dell\u2019importo del soggiorno, che verr\u00e0 pagato interamente in loco, fatto salvo il caso in cui fosse necessario applicare penali per la cancellazione tardiva o mancato arrivo (no-show). La [&hellip;]","og_url":"https:\/\/hotelacciaroli.it\/de\/termini-di-cancellazione\/","og_site_name":"Hotel Acciaroli","article_modified_time":"2024-03-05T20:13:47+00:00","twitter_card":"summary_large_image","twitter_misc":{"Gesch\u00e4tzte Lesezeit":"1\u00a0Minute"},"schema":{"@context":"https:\/\/schema.org","@graph":[{"@type":"WebPage","@id":"https:\/\/hotelacciaroli.it\/termini-di-cancellazione\/","url":"https:\/\/hotelacciaroli.it\/termini-di-cancellazione\/","name":"Termini di Cancellazione - Hotel Acciaroli","isPartOf":{"@id":"https:\/\/hotelacciaroli.it\/#website"},"datePublished":"2024-03-05T20:13:00+00:00","dateModified":"2024-03-05T20:13:47+00:00","breadcrumb":{"@id":"https:\/\/hotelacciaroli.it\/termini-di-cancellazione\/#breadcrumb"},"inLanguage":"de","potentialAction":[{"@type":"ReadAction","target":["https:\/\/hotelacciaroli.it\/termini-di-cancellazione\/"]}]},{"@type":"BreadcrumbList","@id":"https:\/\/hotelacciaroli.it\/termini-di-cancellazione\/#breadcrumb","itemListElement":[{"@type":"ListItem","position":1,"name":"Home","item":"https:\/\/hotelacciaroli.it\/"},{"@type":"ListItem","position":2,"name":"Termini di Cancellazione"}]},{"@type":"WebSite","@id":"https:\/\/hotelacciaroli.it\/#website","url":"https:\/\/hotelacciaroli.it\/","name":"Hotel Acciaroli","description":"Hotel Acciaroli","publisher":{"@id":"https:\/\/hotelacciaroli.it\/#organization"},"potentialAction":[{"@type":"SearchAction","target":{"@type":"EntryPoint","urlTemplate":"https:\/\/hotelacciaroli.it\/?s={search_term_string}"},"query-input":{"@type":"PropertyValueSpecification","valueRequired":true,"valueName":"search_term_string"}}],"inLanguage":"de"},{"@type":"Organization","@id":"https:\/\/hotelacciaroli.it\/#organization","name":"Hotel Acciaroli","url":"https:\/\/hotelacciaroli.it\/","logo":{"@type":"ImageObject","inLanguage":"de","@id":"https:\/\/hotelacciaroli.it\/#\/schema\/logo\/image\/","url":"https:\/\/hotelacciaroli.it\/wp-content\/uploads\/2023\/05\/cropped-Logo-Hotel-Acciaroli.png","contentUrl":"https:\/\/hotelacciaroli.it\/wp-content\/uploads\/2023\/05\/cropped-Logo-Hotel-Acciaroli.png","width":450,"height":160,"caption":"Hotel Acciaroli"},"image":{"@id":"https:\/\/hotelacciaroli.it\/#\/schema\/logo\/image\/"}}]}},"_links":{"self":[{"href":"https:\/\/hotelacciaroli.it\/de\/wp-json\/wp\/v2\/pages\/13","targetHints":{"allow":["GET"]}}],"collection":[{"href":"https:\/\/hotelacciaroli.it\/de\/wp-json\/wp\/v2\/pages"}],"about":[{"href":"https:\/\/hotelacciaroli.it\/de\/wp-json\/wp\/v2\/types\/page"}],"author":[{"embeddable":true,"href":"https:\/\/hotelacciaroli.it\/de\/wp-json\/wp\/v2\/users\/1"}],"replies":[{"embeddable":true,"href":"https:\/\/hotelacciaroli.it\/de\/wp-json\/wp\/v2\/comments?post=13"}],"version-history":[{"count":1,"href":"https:\/\/hotelacciaroli.it\/de\/wp-json\/wp\/v2\/pages\/13\/revisions"}],"predecessor-version":[{"id":4718,"href":"https:\/\/hotelacciaroli.it\/de\/wp-json\/wp\/v2\/pages\/13\/revisions\/4718"}],"wp:attachment":[{"href":"https:\/\/hotelacciaroli.it\/de\/wp-json\/wp\/v2\/media?parent=13"}],"curies":[{"name":"wp","href":"https:\/\/api.w.org\/{rel}","templated":true}]}}